{"id":875,"date":"2021-11-15T11:46:24","date_gmt":"2021-11-15T10:46:24","guid":{"rendered":"https:\/\/komab.eigenefirmenwebseite.at\/impressum\/"},"modified":"2025-02-17T10:45:17","modified_gmt":"2025-02-17T09:45:17","slug":"imprint","status":"publish","type":"page","link":"https:\/\/komab-holding.com\/en\/imprint\/","title":{"rendered":"Imprint"},"content":{"rendered":"\t\t<div data-elementor-type=\"wp-page\" data-elementor-id=\"875\" class=\"elementor elementor-875 elementor-4\" data-elementor-post-type=\"page\">\n\t\t\t\t\t\t\t\t\t<section class=\"elementor-section elementor-top-section elementor-element elementor-element-0915025 elementor-section-boxed elementor-section-height-default elementor-section-height-default\" data-id=\"0915025\" data-element_type=\"section\">\n\t\t\t\t\t\t<div class=\"elementor-container elementor-column-gap-default\">\n\t\t\t\t\t<div class=\"elementor-column elementor-col-100 elementor-top-column elementor-element elementor-element-df9363b\" data-id=\"df9363b\" data-element_type=\"column\">\n\t\t\t<div class=\"elementor-widget-wrap elementor-element-populated\">\n\t\t\t\t\t\t\t\t<div class=\"elementor-element elementor-element-efedbfa elementor-widget elementor-widget-text-editor\" data-id=\"efedbfa\" data-element_type=\"widget\" data-widget_type=\"text-editor.default\">\n\t\t\t\t<div class=\"elementor-widget-container\">\n\t\t\t\t\t\t\t<section class=\"elementor-section elementor-top-section elementor-element elementor-element-fef06b7 elementor-section-boxed elementor-section-height-default elementor-section-height-default\" data-id=\"fef06b7\" data-element_type=\"section\"><div class=\"elementor-container elementor-column-gap-default\"><div class=\"elementor-column elementor-col-100 elementor-top-column elementor-element elementor-element-de2c16f\" data-id=\"de2c16f\" data-element_type=\"column\"><div class=\"elementor-widget-wrap elementor-element-populated\"><div class=\"elementor-element elementor-element-363e0e5 elementor-widget elementor-widget-shortcode\" data-id=\"363e0e5\" data-element_type=\"widget\" data-widget_type=\"shortcode.default\"><div class=\"elementor-widget-container\"><div class=\"elementor-shortcode\"><p>KOMAB Holding GmbH<br \/>Gesch\u00e4ftsf\u00fchrer: Konstantinos Kopanakis, Christian Mathans<br \/>Otto-Baumgartner-Stra\u00dfe 7<br \/>8055 Seiersberg<br \/>\u00d6sterreich<br \/>E-Mail-Adresse: <a href=\"mailto:office@komab.at\">hr@komab.at<\/a><br \/>Telefonnummer: 0316826211200<br \/>Gesellschafter: Christian Mathans<br \/>Registergericht &amp; Registernummer: Landesgericht f\u00fcr ZRS Graz FN461061g<br \/>Umsatzsteuer-Identifikationsnummer: ATU71597159<\/p><p>Verantwortlich f\u00fcr den Inhalt:<\/p><p>Plattform der Europ\u00e4ischen Kommission zur Online-Streitbeilegung (OS) f\u00fcr Verbraucher: <a href=\"https:\/\/ec.europa.eu\/consumers\/odr\/\" target=\"_blank\" rel=\"noopener\">https:\/\/ec.europa.eu\/consumers\/odr\/<\/a>. Wir sind nicht bereit und nicht verpflichtet an einem Streitbeilegungsverfahren vor einer Verbraucherschlichtungsstelle teilzunehmen.<\/p><\/div><\/div><\/div><\/div><\/div><\/div><\/section><p><strong>Design &amp; Umsetzung<\/strong><br \/><a href=\"https:\/\/www.the-flow.at\/\" target=\"_blank\" rel=\"noopener\">The Flow Marketing KG<\/a><\/p>\t\t\t\t\t\t<\/div>\n\t\t\t\t<\/div>\n\t\t\t\t\t<\/div>\n\t\t<\/div>\n\t\t\t\t\t\t\t<\/div>\n\t\t<\/section>\n\t\t\t\t<section class=\"elementor-section elementor-top-section elementor-element elementor-element-5d2c1b3 elementor-section-boxed elementor-section-height-default elementor-section-height-default\" data-id=\"5d2c1b3\" data-element_type=\"section\">\n\t\t\t\t\t\t<div class=\"elementor-container elementor-column-gap-default\">\n\t\t\t\t\t<div class=\"elementor-column elementor-col-100 elementor-top-column elementor-element elementor-element-d88d75f\" data-id=\"d88d75f\" data-element_type=\"column\">\n\t\t\t<div class=\"elementor-widget-wrap elementor-element-populated\">\n\t\t\t\t\t\t\t\t<div class=\"elementor-element elementor-element-acfd74a elementor-widget elementor-widget-text-editor\" data-id=\"acfd74a\" data-element_type=\"widget\" data-widget_type=\"text-editor.default\">\n\t\t\t\t<div class=\"elementor-widget-container\">\n\t\t\t\t\t\t\t<p><small>\u00a9 2021 KOMAB Holding GmbH \/\/ <a href=\"https:\/\/komab.eigenefirmenwebseite.at\/impressum\/\">Impressum<\/a> \/\/ <a href=\"https:\/\/komab.eigenefirmenwebseite.at\/datenschutz\">Datenschutzerkl\u00e4rung<\/a><\/small\n<\/p>\n\t\t\t\t\t\t<\/div>\n\t\t\t\t<\/div>\n\t\t\t\t\t<\/div>\n\t\t<\/div>\n\t\t\t\t\t\t\t<\/div>\n\t\t<\/section>\n\t\t\t\t\t\t\t<\/div>\n\t\t","protected":false},"excerpt":{"rendered":"<p>KOMAB Holding GmbHGesch\u00e4ftsf\u00fchrer: Konstantinos Kopanakis, Christian MathansOtto-Baumgartner-Stra\u00dfe 78055 Seiersberg\u00d6sterreichE-Mail-Adresse: hr@komab.atTelefonnummer: 0316826211200Gesellschafter: Christian MathansRegistergericht &amp; Registernummer: Landesgericht f\u00fcr ZRS Graz FN461061gUmsatzsteuer-Identifikationsnummer: ATU71597159 Verantwortlich f\u00fcr den Inhalt: Plattform der Europ\u00e4ischen Kommission zur Online-Streitbeilegung (OS) f\u00fcr Verbraucher: https:\/\/ec.europa.eu\/consumers\/odr\/. Wir sind nicht bereit und nicht verpflichtet an einem Streitbeilegungsverfahren vor einer Verbraucherschlichtungsstelle teilzunehmen. Design &amp; UmsetzungThe Flow Marketing KG [&hellip;]<\/p>\n","protected":false},"author":2,"featured_media":0,"parent":0,"menu_order":0,"comment_status":"closed","ping_status":"closed","template":"","meta":{"footnotes":""},"class_list":["post-875","page","type-page","status-publish","hentry"],"acf":[],"_links":{"self":[{"href":"https:\/\/komab-holding.com\/en\/wp-json\/wp\/v2\/pages\/875","targetHints":{"allow":["GET"]}}],"collection":[{"href":"https:\/\/komab-holding.com\/en\/wp-json\/wp\/v2\/pages"}],"about":[{"href":"https:\/\/komab-holding.com\/en\/wp-json\/wp\/v2\/types\/page"}],"author":[{"embeddable":true,"href":"https:\/\/komab-holding.com\/en\/wp-json\/wp\/v2\/users\/2"}],"replies":[{"embeddable":true,"href":"https:\/\/komab-holding.com\/en\/wp-json\/wp\/v2\/comments?post=875"}],"version-history":[{"count":16,"href":"https:\/\/komab-holding.com\/en\/wp-json\/wp\/v2\/pages\/875\/revisions"}],"predecessor-version":[{"id":2430,"href":"https:\/\/komab-holding.com\/en\/wp-json\/wp\/v2\/pages\/875\/revisions\/2430"}],"wp:attachment":[{"href":"https:\/\/komab-holding.com\/en\/wp-json\/wp\/v2\/media?parent=875"}],"curies":[{"name":"wp","href":"https:\/\/api.w.org\/{rel}","templated":true}]}}